{"id":496,"date":"2021-09-07T19:58:06","date_gmt":"2021-09-07T19:58:06","guid":{"rendered":"https:\/\/www.rodelbahn.ch\/?page_id=496"},"modified":"2022-12-22T08:12:05","modified_gmt":"2022-12-22T08:12:05","slug":"uber-uns","status":"publish","type":"page","link":"https:\/\/www.rodelbahn.ch\/en\/uber-uns\/","title":{"rendered":"About us"},"content":{"rendered":"<div data-colibri-id=\"496-c1\" class=\"style-837 style-local-496-c1 position-relative\">\n  <!---->\n  <div data-colibri-component=\"section\" data-colibri-id=\"496-c2\" id=\"content\" class=\"h-section h-section-global-spacing d-flex align-items-lg-center align-items-md-center align-items-center style-904 style-local-496-c2 position-relative\">\n    <!---->\n    <!---->\n    <div class=\"h-section-grid-container h-section-fluid-container\">\n      <!---->\n      <div data-colibri-id=\"496-c3\" class=\"h-row-container gutters-row-lg-0 gutters-row-md-0 gutters-row-2 gutters-row-v-lg-0 gutters-row-v-md-0 gutters-row-v-2 style-905 style-local-496-c3 position-relative\">\n        <!---->\n        <div class=\"h-row justify-content-lg-center justify-content-md-center justify-content-center align-items-lg-stretch align-items-md-stretch align-items-stretch gutters-col-lg-0 gutters-col-md-0 gutters-col-2 gutters-col-v-lg-0 gutters-col-v-md-0 gutters-col-v-2\">\n          <!---->\n          <div class=\"h-column h-column-container d-flex h-col-lg-auto h-col-md-auto h-col-auto style-906-outer style-local-496-c4-outer\">\n            <div data-colibri-id=\"496-c4\" class=\"d-flex h-flex-basis h-column__inner h-px-lg-0 h-px-md-0 h-px-0 v-inner-lg-0 v-inner-md-0 v-inner-0 style-906 style-local-496-c4 position-relative\">\n              <!---->\n              <!---->\n              <div class=\"w-100 h-y-container h-column__content h-column__v-align flex-basis-100 align-self-lg-start align-self-md-start align-self-start\">\n                <!---->\n                <div data-colibri-id=\"496-c5\" class=\"h-global-transition-all h-heading style-908 style-local-496-c5 position-relative h-element\">\n                  <!---->\n                  <div class=\"h-heading__outer style-908 style-local-496-c5\">\n                    <!---->\n                    <!---->\n                    <h2 class=\"\"><span style=\"font-weight: 400;\">We operate <\/span><span style=\"font-weight: 400; color: rgb(6, 168, 254);\">the longest <\/span><span style=\"font-weight: 400;\">summer-toboggan run <\/span><span style=\"font-weight: 400; color: rgb(9, 169, 255);\">in Switzerland<\/span>\n                      <span\n                        style=\"font-weight: 400;\">!<\/span>\n                    <\/h2>\n                  <\/div>\n                <\/div>\n                <div data-colibri-id=\"496-c6\" class=\"h-text h-text-component style-909 style-local-496-c6 position-relative h-element\">\n                  <!---->\n                  <!---->\n                  <div class=\"\">\n                    <p>On a length of 1350 meters you can expect numerous steep turns, the descent into the dragon holes (tunnels) and sweeping away over the two built-in jumps. Every toboggan ride becomes an unforgettable experience.<\/p>\n                    <p>Whether you speed down the valley or enjoy the ride at a more leisurely pace - everyone determines the speed themselves. Enjoy the magnificent alpine panorama while you are transported back to the start house by lift.<\/p>\n                    <p>At the top station, a large terrace with plenty of seating and sun chairs awaits you. Here we spoil you at the kiosk with drinks and various snacks. A fireplace is available here for your perfect family outing at your disposal.<\/p>\n                    <p>Especially for companies, schools and clubs we carry out various events. Ask for a non-binding offer with details of your wishes.<\/p>\n                    <p>We look forward to welcoming you soon on the toboggan!<\/p>\n                    <p>Your Fr\u00e4kigaudi Team<\/p>\n                    <p>\n                      <br>\n                    <\/p>\n                  <\/div>\n                <\/div>\n              <\/div>\n            <\/div>\n          <\/div>\n        <\/div>\n      <\/div>\n    <\/div>\n  <\/div>\n  <div data-colibri-component=\"section\" data-colibri-id=\"496-c7\" id=\"custom\" class=\"h-section h-section-global-spacing d-flex align-items-lg-center align-items-md-center align-items-center style-2212 style-local-496-c7 position-relative\">\n    <!---->\n    <!---->\n    <div class=\"h-section-grid-container h-section-boxed-container\">\n      <!---->\n      <div data-colibri-id=\"496-c10\" class=\"h-row-container gutters-row-lg-2 gutters-row-md-2 gutters-row-0 gutters-row-v-lg-2 gutters-row-v-md-2 gutters-row-v-2 style-2215 style-local-496-c10 position-relative\">\n        <!---->\n        <div class=\"h-row justify-content-lg-center justify-content-md-center justify-content-center align-items-lg-stretch align-items-md-stretch align-items-stretch gutters-col-lg-2 gutters-col-md-2 gutters-col-0 gutters-col-v-lg-2 gutters-col-v-md-2 gutters-col-v-2\">\n          <!---->\n          <div class=\"h-column h-column-container d-flex h-col-lg-auto h-col-md-auto h-col-auto style-2216-outer style-local-496-c11-outer\">\n            <div data-colibri-id=\"496-c11\" class=\"d-flex h-flex-basis h-column__inner h-px-lg-2 h-px-md-2 h-px-2 v-inner-lg-2 v-inner-md-2 v-inner-2 style-2216 style-local-496-c11 position-relative\">\n              <!---->\n              <!---->\n              <div class=\"w-100 h-y-container h-column__content h-column__v-align flex-basis-100 align-self-lg-start align-self-md-start align-self-start\">\n                <!---->\n                <div data-colibri-component=\"video\" data-colibri-id=\"496-c12\" class=\"d-block h-video d-block h-video style-2217 style-local-496-c12 position-relative h-element\">\n                  <!---->\n                  <!---->\n                  <div class=\"video-container position-relative\">\n                    <div class=\"h-global-transition-all ratio-inner\"><iframe src=\"https:\/\/www.youtube.com\/embed\/zIPKg4MzAOc?autoplay=0&#038;mute=0&#038;modestbranding=0&#038;rel=0&#038;enablejsapi=1&#038;\" class='h-video-main'  allowfullscreen><\/iframe><\/div>\n                  <\/div>\n                <\/div>\n              <\/div>\n            <\/div>\n          <\/div>\n        <\/div>\n      <\/div>\n      <div data-colibri-id=\"496-c8\" class=\"h-row-container gutters-row-lg-2 gutters-row-md-2 gutters-row-0 gutters-row-v-lg-2 gutters-row-v-md-2 gutters-row-v-2 style-2213 style-local-496-c8 position-relative\">\n        <!---->\n        <div class=\"h-row justify-content-lg-center justify-content-md-center justify-content-center align-items-lg-stretch align-items-md-stretch align-items-stretch gutters-col-lg-2 gutters-col-md-2 gutters-col-0 gutters-col-v-lg-2 gutters-col-v-md-2 gutters-col-v-2\">\n          <!---->\n          <div class=\"h-column h-column-container d-flex h-col-lg-auto h-col-md-auto h-col-auto style-2214-outer style-local-496-c9-outer\">\n            <div data-colibri-id=\"496-c9\" class=\"d-flex h-flex-basis h-column__inner h-ui-empty-state-container h-px-lg-2 h-px-md-2 h-px-2 v-inner-lg-2 v-inner-md-2 v-inner-2 style-2214 style-local-496-c9 position-relative\">\n              <!---->\n              <!---->\n              <div class=\"w-100 h-y-container h-column__content h-column__v-align flex-basis-100\">\n                <!---->\n              <\/div>\n            <\/div>\n          <\/div>\n        <\/div>\n      <\/div>\n    <\/div>\n  <\/div>\n<\/div>","protected":false},"excerpt":{"rendered":"<p>Wir sind die l\u00e4ngste Sommer-Rodelbahn dieser Art in der Schweiz ! Auf einer L\u00e4nge von 1350 Metern erwarten Sie zahlenreiche Steilkurven, das Abtauchen in die Drachenl\u00f6cher (Tunnels) und das Hinwegfegen \u00fcber die zwei eingebauten Jumps. Jede Rodelfahrt wird so zu einem unvergesslichen Erlebnis. Ob Sie rasant zu Tale brausen oder eher gem\u00fctlich die Fahrt geniessen [&hellip;]<\/p>","protected":false},"author":9,"featured_media":0,"parent":0,"menu_order":0,"comment_status":"closed","ping_status":"closed","template":"page-templates\/full-width-page.php","meta":{"footnotes":""},"class_list":["post-496","page","type-page","status-publish","hentry"],"_links":{"self":[{"href":"https:\/\/www.rodelbahn.ch\/en\/wp-json\/wp\/v2\/pages\/496","targetHints":{"allow":["GET"]}}],"collection":[{"href":"https:\/\/www.rodelbahn.ch\/en\/wp-json\/wp\/v2\/pages"}],"about":[{"href":"https:\/\/www.rodelbahn.ch\/en\/wp-json\/wp\/v2\/types\/page"}],"author":[{"embeddable":true,"href":"https:\/\/www.rodelbahn.ch\/en\/wp-json\/wp\/v2\/users\/9"}],"replies":[{"embeddable":true,"href":"https:\/\/www.rodelbahn.ch\/en\/wp-json\/wp\/v2\/comments?post=496"}],"version-history":[{"count":7,"href":"https:\/\/www.rodelbahn.ch\/en\/wp-json\/wp\/v2\/pages\/496\/revisions"}],"predecessor-version":[{"id":5090,"href":"https:\/\/www.rodelbahn.ch\/en\/wp-json\/wp\/v2\/pages\/496\/revisions\/5090"}],"wp:attachment":[{"href":"https:\/\/www.rodelbahn.ch\/en\/wp-json\/wp\/v2\/media?parent=496"}],"curies":[{"name":"wp","href":"https:\/\/api.w.org\/{rel}","templated":true}]}}